{"id":6,"date":"2019-03-04T14:21:05","date_gmt":"2019-03-04T13:21:05","guid":{"rendered":"http:\/\/taxiairport.brussels\/?page_id=6"},"modified":"2026-03-24T10:56:57","modified_gmt":"2026-03-24T09:56:57","slug":"legal-notices","status":"publish","type":"page","link":"http:\/\/taxiairport.brussels\/en\/mentions-legales\/","title":{"rendered":"Legal Notices"},"content":{"rendered":"<div data-elementor-type=\"wp-post\" data-elementor-id=\"6\" class=\"elementor elementor-6\" data-elementor-post-type=\"page\">\n\t\t\t\t\t\t<section class=\"elementor-section elementor-top-section elementor-element elementor-element-39a03aa elementor-section-boxed elementor-section-height-default elementor-section-height-default\" data-id=\"39a03aa\" data-element_type=\"section\" data-e-type=\"section\">\n\t\t\t\t\t\t<div class=\"elementor-container elementor-column-gap-default\">\n\t\t\t\t\t<div class=\"elementor-column elementor-col-100 elementor-top-column elementor-element elementor-element-6f9a74db\" data-id=\"6f9a74db\" data-element_type=\"column\" data-e-type=\"column\">\n\t\t\t<div class=\"elementor-widget-wrap elementor-element-populated\">\n\t\t\t\t\t\t<div class=\"elementor-element elementor-element-7c12272 elementor-widget elementor-widget-text-editor\" data-id=\"7c12272\" data-element_type=\"widget\" data-e-type=\"widget\" data-widget_type=\"text-editor.default\">\n\t\t\t\t<div class=\"elementor-widget-container\">\n\t\t\t\t\t\t\t\t\t<p><strong>The site\u00a0<\/strong><b>taxiairport.brussels<\/b><b>\u00a0is published by:<\/b><\/p><p>WebAudit France<br \/>245 rue du Marais, 73190 Challes-les-Eaux<br \/>Limited liability company with a capital of \u20ac600<br \/>RCS Chamb\u00e9ry 823 628 698<br \/>contact(@)webaudit.fr<\/p><p><strong>The site\u00a0<\/strong><b>taxiairport.brussels<\/b><b>\u00a0is published for:<\/b><\/p><p>Company name: Imperial Drive<br \/>Business name: Brussels Airport Taxi<br \/>Address: Rue de la Flache (LL) 20, 7100 La Louvi\u00e8re<br \/>SIRET: BE1005.637.602<br \/>VAT number: BE1005.637.602<br \/>Date of creation: 05\/02\/2024<br \/>Share capital: \u20ac10,000<br \/>Publishing Director: Johnny Waldmann<br \/>Telephone: +32 4 74 79 19 07<\/p><p>ADS: LVC 1888 &amp; TC 1134<\/p><p>Your taxi website at Brussels Airport in Belgium was created by the team at <a href=\"https:\/\/webaudit.fr\/taxi\">Webaudit, specialists in website creation for taxis <\/a>with natural referencing.<\/p><p>Find out more on <a href=\"https:\/\/annuaire-taxi-france.fr\/\">annuaire-taxi-france.fr<\/a> all of <a href=\"https:\/\/annuaire-taxi-france.fr\/taxi-belgique\/\">Taxi company in Brussels and Belgium<\/a>.<\/p><p><b>Hosting provider:<\/b><\/p><p>Infomaniak Network SA<br \/>25 Rue Eug\u00e8ne Marziano<br \/>1227 Les Acacias (GE)<br \/>Geneva Canton Commercial Register: CH-660.0.059.996-1<br \/>IDE number: CHE-103.167.648<br \/>VAT number: CHE-103.167.648<\/p><p><b>GDPR Regulations, Data Protection and Use of Cookies:<\/b><\/p><p>In accordance with the requirements of the General Data Protection Regulation (GDPR), we are committed to transparency and the protection of your personal data. For a clear understanding of how we collect, use, and protect your data, as well as our use of cookies to improve your experience on our website, please consult our <a href=\"#gdpr_cookie_modal\"><u>GDPR and Cookies Information Center<\/u><\/a>.<\/p><p>By clicking on this link, you will have access to our Privacy Statement and our Cookie Policy detailing our data protection and cookie usage practices, as well as your rights and choices regarding this information.<\/p><p><strong>Intellectual Property<\/strong><\/p><p>All content on this site including, but not limited to, graphics, images, texts, videos, animations, sounds, logos, gifs and icons as well as their formatting are the exclusive property of WEBAUDIT FRANCE SARL with the exception of trademarks, logos or content belonging to other partner companies or authors.<br \/>Any reproduction, distribution, modification, adaptation, retransmission, or publication, even partial, of these elements is strictly prohibited without the express written consent of WEBAUDIT FRANCE SARL. Such representation or reproduction, by any means whatsoever, constitutes copyright infringement punishable under Articles L.335-2 et seq. of the French Intellectual Property Code. Failure to comply with this prohibition constitutes copyright infringement and may result in civil and criminal penalties. Furthermore, the owners of the copied content may take legal action against them.<\/p>\t\t\t\t\t\t\t\t<\/div>\n\t\t\t\t<\/div>\n\t\t\t\t\t<\/div>\n\t\t<\/div>\n\t\t\t\t\t<\/div>\n\t\t<\/section>\n\t\t\t\t<\/div>","protected":false},"excerpt":{"rendered":"<p>Le site\u00a0\u200btaxiairport.brussels\u00a0est \u00e9dit\u00e9 par : WebAudit France245 rue du Marais, 73190 Challes-les-EauxSARL au capital de 600\u20acRCS Chamb\u00e9ry 823 628 698contact(@)webaudit.fr Le site\u00a0\u200btaxiairport.brussels\u00a0est \u00e9dit\u00e9 pour : Raison sociale\u202f: Imperial DriveNom commercial\u202f: Taxi A\u00e9roport Bruxelles \/ Brussels Airport TaxiAdresse\u202f: Rue de la Flache(L.L) 20, 7100 La Louvi\u00e8reSIRET\u202f: BE1005.637.602Num\u00e9ro de TVA\u202f: BE1005.637.602Date de cr\u00e9ation\u202f: 05\/02\/2024Capital social\u202f: 10.000\u20acDirecteur de [&hellip;]<\/p>\n","protected":false},"author":2,"featured_media":0,"parent":0,"menu_order":0,"comment_status":"closed","ping_status":"closed","template":"elementor_header_footer","meta":{"footnotes":""},"class_list":["post-6","page","type-page","status-publish","hentry"],"yoast_head":"<!-- This site is optimized with the Yoast SEO plugin v27.2 - https:\/\/yoast.com\/product\/yoast-seo-wordpress\/ -->\n<title>Mentions L\u00e9gales - Taxi A\u00e9roport Bruxelles \/ Brussels Airport Taxi<\/title>\n<meta name=\"robots\" content=\"index, follow, max-snippet:-1, max-image-preview:large, max-video-preview:-1\" \/>\n<link rel=\"canonical\" href=\"https:\/\/taxiairport.brussels\/en\/legal-notices\/\" \/>\n<meta property=\"og:locale\" content=\"en_US\" \/>\n<meta property=\"og:type\" content=\"article\" \/>\n<meta property=\"og:title\" content=\"Mentions L\u00e9gales - Taxi A\u00e9roport Bruxelles \/ Brussels Airport Taxi\" \/>\n<meta property=\"og:description\" content=\"Le site\u00a0\u200btaxiairport.brussels\u00a0est \u00e9dit\u00e9 par : WebAudit France245 rue du Marais, 73190 Challes-les-EauxSARL au capital de 600\u20acRCS Chamb\u00e9ry 823 628 698contact(@)webaudit.fr Le site\u00a0\u200btaxiairport.brussels\u00a0est \u00e9dit\u00e9 pour : Raison sociale\u202f: Imperial DriveNom commercial\u202f: Taxi A\u00e9roport Bruxelles \/ Brussels Airport TaxiAdresse\u202f: Rue de la Flache(L.L) 20, 7100 La Louvi\u00e8reSIRET\u202f: BE1005.637.602Num\u00e9ro de TVA\u202f: BE1005.637.602Date de cr\u00e9ation\u202f: 05\/02\/2024Capital social\u202f: 10.000\u20acDirecteur de [&hellip;]\" \/>\n<meta property=\"og:url\" content=\"https:\/\/taxiairport.brussels\/en\/legal-notices\/\" \/>\n<meta property=\"og:site_name\" content=\"Taxi A\u00e9roport Bruxelles \/ Brussels Airport Taxi\" \/>\n<meta property=\"article:modified_time\" content=\"2026-03-24T09:56:57+00:00\" \/>\n<meta name=\"twitter:card\" content=\"summary_large_image\" \/>\n<meta name=\"twitter:label1\" content=\"Est. reading time\" \/>\n\t<meta name=\"twitter:data1\" content=\"3 minutes\" \/>\n<script type=\"application\/ld+json\" class=\"yoast-schema-graph\">{\"@context\":\"https:\/\/schema.org\",\"@graph\":[{\"@type\":\"WebPage\",\"@id\":\"https:\/\/taxiairport.brussels\/mentions-legales\/\",\"url\":\"https:\/\/taxiairport.brussels\/mentions-legales\/\",\"name\":\"Mentions L\u00e9gales - Taxi A\u00e9roport Bruxelles \/ Brussels Airport Taxi\",\"isPartOf\":{\"@id\":\"http:\/\/taxiairport.brussels\/#website\"},\"datePublished\":\"2019-03-04T13:21:05+00:00\",\"dateModified\":\"2026-03-24T09:56:57+00:00\",\"breadcrumb\":{\"@id\":\"https:\/\/taxiairport.brussels\/mentions-legales\/#breadcrumb\"},\"inLanguage\":\"en-US\",\"potentialAction\":[{\"@type\":\"ReadAction\",\"target\":[\"https:\/\/taxiairport.brussels\/mentions-legales\/\"]}]},{\"@type\":\"BreadcrumbList\",\"@id\":\"https:\/\/taxiairport.brussels\/mentions-legales\/#breadcrumb\",\"itemListElement\":[{\"@type\":\"ListItem\",\"position\":1,\"name\":\"Accueil\",\"item\":\"https:\/\/taxiairport.brussels\/\"},{\"@type\":\"ListItem\",\"position\":2,\"name\":\"Mentions L\u00e9gales\"}]},{\"@type\":\"WebSite\",\"@id\":\"http:\/\/taxiairport.brussels\/#website\",\"url\":\"http:\/\/taxiairport.brussels\/\",\"name\":\"Taxi A\u00e9roport Bruxelles \/ Brussels Airport Taxi\",\"description\":\"R\u00e9server taxi \u00e0 l&#039;a\u00e9roport de Bruxelles\",\"publisher\":{\"@id\":\"http:\/\/taxiairport.brussels\/#organization\"},\"potentialAction\":[{\"@type\":\"SearchAction\",\"target\":{\"@type\":\"EntryPoint\",\"urlTemplate\":\"http:\/\/taxiairport.brussels\/?s={search_term_string}\"},\"query-input\":{\"@type\":\"PropertyValueSpecification\",\"valueRequired\":true,\"valueName\":\"search_term_string\"}}],\"inLanguage\":\"en-US\"},{\"@type\":\"Organization\",\"@id\":\"http:\/\/taxiairport.brussels\/#organization\",\"name\":\"Taxi A\u00e9roport Bruxelles \/ Brussels Airport Taxi\",\"url\":\"http:\/\/taxiairport.brussels\/\",\"logo\":{\"@type\":\"ImageObject\",\"inLanguage\":\"en-US\",\"@id\":\"http:\/\/taxiairport.brussels\/#\/schema\/logo\/image\/\",\"url\":\"https:\/\/taxiairport.brussels\/wp-content\/uploads\/2026\/03\/logo-taxi-aeroports-bruxelles-airports-brussels.webp\",\"contentUrl\":\"https:\/\/taxiairport.brussels\/wp-content\/uploads\/2026\/03\/logo-taxi-aeroports-bruxelles-airports-brussels.webp\",\"width\":380,\"height\":100,\"caption\":\"Taxi A\u00e9roport Bruxelles \/ Brussels Airport Taxi\"},\"image\":{\"@id\":\"http:\/\/taxiairport.brussels\/#\/schema\/logo\/image\/\"}}]}<\/script>\n<!-- \/ Yoast SEO plugin. -->","yoast_head_json":{"title":"Legal Notice - Brussels Airport Taxi","robots":{"index":"index","follow":"follow","max-snippet":"max-snippet:-1","max-image-preview":"max-image-preview:large","max-video-preview":"max-video-preview:-1"},"canonical":"https:\/\/taxiairport.brussels\/en\/legal-notices\/","og_locale":"en_US","og_type":"article","og_title":"Mentions L\u00e9gales - Taxi A\u00e9roport Bruxelles \/ Brussels Airport Taxi","og_description":"Le site\u00a0\u200btaxiairport.brussels\u00a0est \u00e9dit\u00e9 par : WebAudit France245 rue du Marais, 73190 Challes-les-EauxSARL au capital de 600\u20acRCS Chamb\u00e9ry 823 628 698contact(@)webaudit.fr Le site\u00a0\u200btaxiairport.brussels\u00a0est \u00e9dit\u00e9 pour : Raison sociale\u202f: Imperial DriveNom commercial\u202f: Taxi A\u00e9roport Bruxelles \/ Brussels Airport TaxiAdresse\u202f: Rue de la Flache(L.L) 20, 7100 La Louvi\u00e8reSIRET\u202f: BE1005.637.602Num\u00e9ro de TVA\u202f: BE1005.637.602Date de cr\u00e9ation\u202f: 05\/02\/2024Capital social\u202f: 10.000\u20acDirecteur de [&hellip;]","og_url":"https:\/\/taxiairport.brussels\/en\/legal-notices\/","og_site_name":"Taxi A\u00e9roport Bruxelles \/ Brussels Airport Taxi","article_modified_time":"2026-03-24T09:56:57+00:00","twitter_card":"summary_large_image","twitter_misc":{"Est. reading time":"3 minutes"},"schema":{"@context":"https:\/\/schema.org","@graph":[{"@type":"WebPage","@id":"https:\/\/taxiairport.brussels\/mentions-legales\/","url":"https:\/\/taxiairport.brussels\/mentions-legales\/","name":"Legal Notice - Brussels Airport Taxi","isPartOf":{"@id":"http:\/\/taxiairport.brussels\/#website"},"datePublished":"2019-03-04T13:21:05+00:00","dateModified":"2026-03-24T09:56:57+00:00","breadcrumb":{"@id":"https:\/\/taxiairport.brussels\/mentions-legales\/#breadcrumb"},"inLanguage":"en-US","potentialAction":[{"@type":"ReadAction","target":["https:\/\/taxiairport.brussels\/mentions-legales\/"]}]},{"@type":"BreadcrumbList","@id":"https:\/\/taxiairport.brussels\/mentions-legales\/#breadcrumb","itemListElement":[{"@type":"ListItem","position":1,"name":"Accueil","item":"https:\/\/taxiairport.brussels\/"},{"@type":"ListItem","position":2,"name":"Mentions L\u00e9gales"}]},{"@type":"WebSite","@id":"http:\/\/taxiairport.brussels\/#website","url":"http:\/\/taxiairport.brussels\/","name":"Brussels Airport Taxi","description":"Book a taxi at Brussels Airport","publisher":{"@id":"http:\/\/taxiairport.brussels\/#organization"},"potentialAction":[{"@type":"SearchAction","target":{"@type":"EntryPoint","urlTemplate":"http:\/\/taxiairport.brussels\/?s={search_term_string}"},"query-input":{"@type":"PropertyValueSpecification","valueRequired":true,"valueName":"search_term_string"}}],"inLanguage":"en-US"},{"@type":"Organization","@id":"http:\/\/taxiairport.brussels\/#organization","name":"Brussels Airport Taxi","url":"http:\/\/taxiairport.brussels\/","logo":{"@type":"ImageObject","inLanguage":"en-US","@id":"http:\/\/taxiairport.brussels\/#\/schema\/logo\/image\/","url":"https:\/\/taxiairport.brussels\/wp-content\/uploads\/2026\/03\/logo-taxi-aeroports-bruxelles-airports-brussels.webp","contentUrl":"https:\/\/taxiairport.brussels\/wp-content\/uploads\/2026\/03\/logo-taxi-aeroports-bruxelles-airports-brussels.webp","width":380,"height":100,"caption":"Taxi A\u00e9roport Bruxelles \/ Brussels Airport Taxi"},"image":{"@id":"http:\/\/taxiairport.brussels\/#\/schema\/logo\/image\/"}}]}},"_links":{"self":[{"href":"http:\/\/taxiairport.brussels\/en\/wp-json\/wp\/v2\/pages\/6","targetHints":{"allow":["GET"]}}],"collection":[{"href":"http:\/\/taxiairport.brussels\/en\/wp-json\/wp\/v2\/pages"}],"about":[{"href":"http:\/\/taxiairport.brussels\/en\/wp-json\/wp\/v2\/types\/page"}],"author":[{"embeddable":true,"href":"http:\/\/taxiairport.brussels\/en\/wp-json\/wp\/v2\/users\/2"}],"replies":[{"embeddable":true,"href":"http:\/\/taxiairport.brussels\/en\/wp-json\/wp\/v2\/comments?post=6"}],"version-history":[{"count":0,"href":"http:\/\/taxiairport.brussels\/en\/wp-json\/wp\/v2\/pages\/6\/revisions"}],"wp:attachment":[{"href":"http:\/\/taxiairport.brussels\/en\/wp-json\/wp\/v2\/media?parent=6"}],"curies":[{"name":"wp","href":"https:\/\/api.w.org\/{rel}","templated":true}]}}